{"id":534,"date":"2022-08-29T13:07:06","date_gmt":"2022-08-29T10:07:06","guid":{"rendered":"https:\/\/akyildizkalip.com\/?page_id=534"},"modified":"2022-10-24T23:44:43","modified_gmt":"2022-10-24T20:44:43","slug":"blow-molds","status":"publish","type":"page","link":"https:\/\/akyildizkalip.com\/tr\/products\/blow-molds\/","title":{"rendered":"\u015fi\u015firme kal\u0131plar\u0131"},"content":{"rendered":"<div data-elementor-type=\"wp-page\" data-elementor-id=\"534\" class=\"elementor elementor-534\" data-elementor-settings=\"{&quot;element_pack_global_tooltip_width&quot;:{&quot;unit&quot;:&quot;px&quot;,&quot;size&quot;:&quot;&quot;,&quot;sizes&quot;:[]},&quot;element_pack_global_tooltip_width_widescreen&quot;:{&quot;unit&quot;:&quot;px&quot;,&quot;size&quot;:&quot;&quot;,&quot;sizes&quot;:[]},&quot;element_pack_global_tooltip_width_laptop&quot;:{&quot;unit&quot;:&quot;px&quot;,&quot;size&quot;:&quot;&quot;,&quot;sizes&quot;:[]},&quot;element_pack_global_tooltip_width_tablet_extra&quot;:{&quot;unit&quot;:&quot;px&quot;,&quot;size&quot;:&quot;&quot;,&quot;sizes&quot;:[]},&quot;element_pack_global_tooltip_width_tablet&quot;:{&quot;unit&quot;:&quot;px&quot;,&quot;size&quot;:&quot;&quot;,&quot;sizes&quot;:[]},&quot;element_pack_global_tooltip_width_mobile_extra&quot;:{&quot;unit&quot;:&quot;px&quot;,&quot;size&quot;:&quot;&quot;,&quot;sizes&quot;:[]},&quot;element_pack_global_tooltip_width_mobile&quot;:{&quot;unit&quot;:&quot;px&quot;,&quot;size&quot;:&quot;&quot;,&quot;sizes&quot;:[]},&quot;element_pack_global_tooltip_padding&quot;:{&quot;unit&quot;:&quot;px&quot;,&quot;top&quot;:&quot;&quot;,&quot;right&quot;:&quot;&quot;,&quot;bottom&quot;:&quot;&quot;,&quot;left&quot;:&quot;&quot;,&quot;isLinked&quot;:true},&quot;element_pack_global_tooltip_padding_widescreen&quot;:{&quot;unit&quot;:&quot;px&quot;,&quot;top&quot;:&quot;&quot;,&quot;right&quot;:&quot;&quot;,&quot;bottom&quot;:&quot;&quot;,&quot;left&quot;:&quot;&quot;,&quot;isLinked&quot;:true},&quot;element_pack_global_tooltip_padding_laptop&quot;:{&quot;unit&quot;:&quot;px&quot;,&quot;top&quot;:&quot;&quot;,&quot;right&quot;:&quot;&quot;,&quot;bottom&quot;:&quot;&quot;,&quot;left&quot;:&quot;&quot;,&quot;isLinked&quot;:true},&quot;element_pack_global_tooltip_padding_tablet_extra&quot;:{&quot;unit&quot;:&quot;px&quot;,&quot;top&quot;:&quot;&quot;,&quot;right&quot;:&quot;&quot;,&quot;bottom&quot;:&quot;&quot;,&quot;left&quot;:&quot;&quot;,&quot;isLinked&quot;:true},&quot;element_pack_global_tooltip_padding_tablet&quot;:{&quot;unit&quot;:&quot;px&quot;,&quot;top&quot;:&quot;&quot;,&quot;right&quot;:&quot;&quot;,&quot;bottom&quot;:&quot;&quot;,&quot;left&quot;:&quot;&quot;,&quot;isLinked&quot;:true},&quot;element_pack_global_tooltip_padding_mobile_extra&quot;:{&quot;unit&quot;:&quot;px&quot;,&quot;top&quot;:&quot;&quot;,&quot;right&quot;:&quot;&quot;,&quot;bottom&quot;:&quot;&quot;,&quot;left&quot;:&quot;&quot;,&quot;isLinked&quot;:true},&quot;element_pack_global_tooltip_padding_mobile&quot;:{&quot;unit&quot;:&quot;px&quot;,&quot;top&quot;:&quot;&quot;,&quot;right&quot;:&quot;&quot;,&quot;bottom&quot;:&quot;&quot;,&quot;left&quot;:&quot;&quot;,&quot;isLinked&quot;:true},&quot;element_pack_global_tooltip_border_radius&quot;:{&quot;unit&quot;:&quot;px&quot;,&quot;top&quot;:&quot;&quot;,&quot;right&quot;:&quot;&quot;,&quot;bottom&quot;:&quot;&quot;,&quot;left&quot;:&quot;&quot;,&quot;isLinked&quot;:true},&quot;element_pack_global_tooltip_border_radius_widescreen&quot;:{&quot;unit&quot;:&quot;px&quot;,&quot;top&quot;:&quot;&quot;,&quot;right&quot;:&quot;&quot;,&quot;bottom&quot;:&quot;&quot;,&quot;left&quot;:&quot;&quot;,&quot;isLinked&quot;:true},&quot;element_pack_global_tooltip_border_radius_laptop&quot;:{&quot;unit&quot;:&quot;px&quot;,&quot;top&quot;:&quot;&quot;,&quot;right&quot;:&quot;&quot;,&quot;bottom&quot;:&quot;&quot;,&quot;left&quot;:&quot;&quot;,&quot;isLinked&quot;:true},&quot;element_pack_global_tooltip_border_radius_tablet_extra&quot;:{&quot;unit&quot;:&quot;px&quot;,&quot;top&quot;:&quot;&quot;,&quot;right&quot;:&quot;&quot;,&quot;bottom&quot;:&quot;&quot;,&quot;left&quot;:&quot;&quot;,&quot;isLinked&quot;:true},&quot;element_pack_global_tooltip_border_radius_tablet&quot;:{&quot;unit&quot;:&quot;px&quot;,&quot;top&quot;:&quot;&quot;,&quot;right&quot;:&quot;&quot;,&quot;bottom&quot;:&quot;&quot;,&quot;left&quot;:&quot;&quot;,&quot;isLinked&quot;:true},&quot;element_pack_global_tooltip_border_radius_mobile_extra&quot;:{&quot;unit&quot;:&quot;px&quot;,&quot;top&quot;:&quot;&quot;,&quot;right&quot;:&quot;&quot;,&quot;bottom&quot;:&quot;&quot;,&quot;left&quot;:&quot;&quot;,&quot;isLinked&quot;:true},&quot;element_pack_global_tooltip_border_radius_mobile&quot;:{&quot;unit&quot;:&quot;px&quot;,&quot;top&quot;:&quot;&quot;,&quot;right&quot;:&quot;&quot;,&quot;bottom&quot;:&quot;&quot;,&quot;left&quot;:&quot;&quot;,&quot;isLinked&quot;:true}}\" data-elementor-post-type=\"page\">\n\t\t\t\t<div class=\"elementor-element elementor-element-ad2cd3e e-con-full e-flex e-con e-parent\" data-id=\"ad2cd3e\" data-element_type=\"container\" data-e-type=\"container\" data-settings=\"{&quot;background_background&quot;:&quot;classic&quot;}\">\n\t\t<div class=\"elementor-element elementor-element-6dc6fa5 e-con-full e-flex e-con e-parent\" data-id=\"6dc6fa5\" data-element_type=\"container\" data-e-type=\"container\">\n\t\t\t\t<div class=\"elementor-element elementor-element-05a7c18 elementor-widget elementor-widget-heading\" data-id=\"05a7c18\" data-element_type=\"widget\" data-e-type=\"widget\" data-widget_type=\"heading.default\">\n\t\t\t\t<div class=\"elementor-widget-container\">\n\t\t\t\t\t<h2 class=\"elementor-heading-title elementor-size-default\">\u015fi\u015firme kal\u0131plar\u0131<\/h2>\t\t\t\t<\/div>\n\t\t\t\t<\/div>\n\t\t\t\t<div class=\"elementor-element elementor-element-7a1c082 elementor-widget__width-initial elementor-widget-divider--separator-type-pattern elementor-widget-divider--view-line elementor-widget elementor-widget-divider\" data-id=\"7a1c082\" data-element_type=\"widget\" data-e-type=\"widget\" data-widget_type=\"divider.default\">\n\t\t\t\t<div class=\"elementor-widget-container\">\n\t\t\t\t\t\t\t<div class=\"elementor-divider\" style=\"--divider-pattern-url: url(&quot;data:image\/svg+xml,%3Csvg xmlns=&#039;http:\/\/www.w3.org\/2000\/svg&#039; preserveAspectRatio=&#039;none&#039; overflow=&#039;visible&#039; height=&#039;100%&#039; viewBox=&#039;0 0 24 24&#039; fill=&#039;none&#039; stroke=&#039;black&#039; stroke-width=&#039;2&#039; stroke-linecap=&#039;square&#039; stroke-miterlimit=&#039;10&#039;%3E%3Cpath d=&#039;M0,6c6,0,6,13,12,13S18,6,24,6&#039;\/%3E%3C\/svg%3E&quot;);\">\n\t\t\t<span class=\"elementor-divider-separator\">\n\t\t\t\t\t\t<\/span>\n\t\t<\/div>\n\t\t\t\t\t\t<\/div>\n\t\t\t\t<\/div>\n\t\t\t\t<\/div>\n\t\t\t\t<\/div>\n\t\t<div class=\"elementor-element elementor-element-cbea6e2 e-flex e-con-boxed e-con e-parent\" data-id=\"cbea6e2\" data-element_type=\"container\" data-e-type=\"container\">\n\t\t\t\t\t<div class=\"e-con-inner\">\n\t\t<div class=\"elementor-element elementor-element-a5c5d79 e-con-full e-flex e-con e-parent\" data-id=\"a5c5d79\" data-element_type=\"container\" data-e-type=\"container\">\n\t\t\t\t<div class=\"elementor-element elementor-element-618fea5 bdt-skin-fedara-style-center elementor-widget elementor-widget-bdt-custom-gallery\" data-id=\"618fea5\" data-element_type=\"widget\" data-e-type=\"widget\" data-settings=\"{&quot;columns&quot;:&quot;3&quot;,&quot;columns_tablet&quot;:&quot;2&quot;,&quot;columns_mobile&quot;:&quot;1&quot;}\" data-widget_type=\"bdt-custom-gallery.default\">\n\t\t\t\t<div class=\"elementor-widget-container\">\n\t\t\t\t\t\t\t<div id=\"bdt-custom-gallery-618fea5\" class=\"bdt-custom-gallery bdt-skin-default bdt-grid bdt-grid-small\" data-bdt-lightbox=\"video-autoplay: true; toggle: .bdt-gallery-lightbox-item; animation:slide;\" data-settings=\"{&quot;id&quot;:&quot;#bdt-custom-gallery-618fea5&quot;,&quot;tiltShow&quot;:false}\">\n\t\t\t\t\t\t<div class=\"bdt-gallery-item bdt-transition-toggle bdt-width-1-1 bdt-width-1-2@s bdt-width-1-3@m\">\n\t\t\t\t<div class=\"bdt-custom-gallery-inner\">\n\n\t\t\t\t\t\n\t\t\t\t\t\n\t\t\t\t\t\t\n\t\t<div class=\"bdt-gallery-thumbnail\">\n\n\t\t\t<img fetchpriority=\"high\" decoding=\"async\" width=\"768\" height=\"768\" src=\"https:\/\/akyildizkalip.com\/wp-content\/uploads\/2022\/09\/001-768x768.jpg\" class=\"attachment-medium_large size-medium_large\" alt=\"\" srcset=\"https:\/\/akyildizkalip.com\/wp-content\/uploads\/2022\/09\/001-768x768.jpg 768w, https:\/\/akyildizkalip.com\/wp-content\/uploads\/2022\/09\/001-300x300.jpg 300w, https:\/\/akyildizkalip.com\/wp-content\/uploads\/2022\/09\/001-150x150.jpg 150w, https:\/\/akyildizkalip.com\/wp-content\/uploads\/2022\/09\/001-12x12.jpg 12w, https:\/\/akyildizkalip.com\/wp-content\/uploads\/2022\/09\/001.jpg 1000w\" sizes=\"(max-width: 768px) 100vw, 768px\" \/>\n\t\t<\/div>\n\t\t\t\t<div class=\"bdt-overlay bdt-overlay-default bdt-position-cover bdt-transition-fade\">\n\t\t\t<div class=\"bdt-custom-gallery-content\">\n\t\t\t\t<div class=\"bdt-custom-gallery-content-inner\">\n\n\n\n\t\t\t\t\t\t\t\t\t\t\t<div class=\"bdt-flex-inline bdt-gallery-item-link-wrapper\">\n\t\t\t\t\t\t\t<a data-elementor-open-lightbox=\"no\" href=\"https:\/\/akyildizkalip.com\/wp-content\/uploads\/2022\/09\/001.jpg\" class=\"bdt-gallery-item-link bdt-gallery-lightbox-item\" data-caption=\"\">\n\t\t\t\t\t\t\t\t\t\t\t\t\t\t\t\t\t<i class=\"ep-icon-link\" aria-hidden=\"true\"><\/i>\n\t\t\t\t\t\t\t\t\t\t\t\t\t\t\t<\/a>\n\t\t\t\t\t\t<\/div>\n\t\t\t\t\t\n\t\t\t\t\t\t\t<h3 class=\"bdt-gallery-item-title\t\t\tbdt-transition-slide-top-small\">\n\t\t\t\t\t<\/h3>\n\t\t\t\t<div class=\"bdt-gallery-item-text bdt-transition-slide-bottom-small\">\n\t\t\t\t<\/div>\n\t\t\n\t\t\t\t<\/div>\n\t\t\t<\/div>\n\t\t<\/div>\n\t\t\n\t\t\t\t\t\t\t\t\t\t<\/div>\n\t\t\t<\/div>\n\n\t\t\t\t\t<div class=\"bdt-gallery-item bdt-transition-toggle bdt-width-1-1 bdt-width-1-2@s bdt-width-1-3@m\">\n\t\t\t\t<div class=\"bdt-custom-gallery-inner\">\n\n\t\t\t\t\t\n\t\t\t\t\t\n\t\t\t\t\t\t\n\t\t<div class=\"bdt-gallery-thumbnail\">\n\n\t\t\t<img decoding=\"async\" width=\"768\" height=\"512\" src=\"https:\/\/akyildizkalip.com\/wp-content\/uploads\/2022\/09\/002-768x512.jpg\" class=\"attachment-medium_large size-medium_large\" alt=\"\" srcset=\"https:\/\/akyildizkalip.com\/wp-content\/uploads\/2022\/09\/002-768x512.jpg 768w, https:\/\/akyildizkalip.com\/wp-content\/uploads\/2022\/09\/002-300x200.jpg 300w, https:\/\/akyildizkalip.com\/wp-content\/uploads\/2022\/09\/002-1024x683.jpg 1024w, https:\/\/akyildizkalip.com\/wp-content\/uploads\/2022\/09\/002-1536x1024.jpg 1536w, https:\/\/akyildizkalip.com\/wp-content\/uploads\/2022\/09\/002-2048x1365.jpg 2048w, https:\/\/akyildizkalip.com\/wp-content\/uploads\/2022\/09\/002-18x12.jpg 18w, https:\/\/akyildizkalip.com\/wp-content\/uploads\/2022\/09\/002-scaled.jpg 1500w\" sizes=\"(max-width: 768px) 100vw, 768px\" \/>\n\t\t<\/div>\n\t\t\t\t<div class=\"bdt-overlay bdt-overlay-default bdt-position-cover bdt-transition-fade\">\n\t\t\t<div class=\"bdt-custom-gallery-content\">\n\t\t\t\t<div class=\"bdt-custom-gallery-content-inner\">\n\n\n\n\t\t\t\t\t\t\t\t\t\t\t<div class=\"bdt-flex-inline bdt-gallery-item-link-wrapper\">\n\t\t\t\t\t\t\t<a data-elementor-open-lightbox=\"no\" href=\"https:\/\/akyildizkalip.com\/wp-content\/uploads\/2022\/09\/002-scaled.jpg\" class=\"bdt-gallery-item-link bdt-gallery-lightbox-item\" data-caption=\"\">\n\t\t\t\t\t\t\t\t\t\t\t\t\t\t\t\t\t<i class=\"ep-icon-link\" aria-hidden=\"true\"><\/i>\n\t\t\t\t\t\t\t\t\t\t\t\t\t\t\t<\/a>\n\t\t\t\t\t\t<\/div>\n\t\t\t\t\t\n\t\t\t\t\t\t\t<h3 class=\"bdt-gallery-item-title\t\t\tbdt-transition-slide-top-small\">\n\t\t\t\t\t<\/h3>\n\t\t\t\t<div class=\"bdt-gallery-item-text bdt-transition-slide-bottom-small\">\n\t\t\t\t<\/div>\n\t\t\n\t\t\t\t<\/div>\n\t\t\t<\/div>\n\t\t<\/div>\n\t\t\n\t\t\t\t\t\t\t\t\t\t<\/div>\n\t\t\t<\/div>\n\n\t\t\t\t\t<div class=\"bdt-gallery-item bdt-transition-toggle bdt-width-1-1 bdt-width-1-2@s bdt-width-1-3@m\">\n\t\t\t\t<div class=\"bdt-custom-gallery-inner\">\n\n\t\t\t\t\t\n\t\t\t\t\t\n\t\t\t\t\t\t\n\t\t<div class=\"bdt-gallery-thumbnail\">\n\n\t\t\t<img decoding=\"async\" width=\"768\" height=\"837\" src=\"https:\/\/akyildizkalip.com\/wp-content\/uploads\/2022\/09\/003-768x837.jpg\" class=\"attachment-medium_large size-medium_large\" alt=\"\" srcset=\"https:\/\/akyildizkalip.com\/wp-content\/uploads\/2022\/09\/003-768x837.jpg 768w, https:\/\/akyildizkalip.com\/wp-content\/uploads\/2022\/09\/003-275x300.jpg 275w, https:\/\/akyildizkalip.com\/wp-content\/uploads\/2022\/09\/003-939x1024.jpg 939w, https:\/\/akyildizkalip.com\/wp-content\/uploads\/2022\/09\/003-1409x1536.jpg 1409w, https:\/\/akyildizkalip.com\/wp-content\/uploads\/2022\/09\/003-11x12.jpg 11w, https:\/\/akyildizkalip.com\/wp-content\/uploads\/2022\/09\/003-scaled.jpg 1376w\" sizes=\"(max-width: 768px) 100vw, 768px\" \/>\n\t\t<\/div>\n\t\t\t\t<div class=\"bdt-overlay bdt-overlay-default bdt-position-cover bdt-transition-fade\">\n\t\t\t<div class=\"bdt-custom-gallery-content\">\n\t\t\t\t<div class=\"bdt-custom-gallery-content-inner\">\n\n\n\n\t\t\t\t\t\t\t\t\t\t\t<div class=\"bdt-flex-inline bdt-gallery-item-link-wrapper\">\n\t\t\t\t\t\t\t<a data-elementor-open-lightbox=\"no\" href=\"https:\/\/akyildizkalip.com\/wp-content\/uploads\/2022\/09\/003-scaled.jpg\" class=\"bdt-gallery-item-link bdt-gallery-lightbox-item\" data-caption=\"\">\n\t\t\t\t\t\t\t\t\t\t\t\t\t\t\t\t\t<i class=\"ep-icon-link\" aria-hidden=\"true\"><\/i>\n\t\t\t\t\t\t\t\t\t\t\t\t\t\t\t<\/a>\n\t\t\t\t\t\t<\/div>\n\t\t\t\t\t\n\t\t\t\t\t\t\t<h3 class=\"bdt-gallery-item-title\t\t\tbdt-transition-slide-top-small\">\n\t\t\t\t\t<\/h3>\n\t\t\t\t<div class=\"bdt-gallery-item-text bdt-transition-slide-bottom-small\">\n\t\t\t\t<\/div>\n\t\t\n\t\t\t\t<\/div>\n\t\t\t<\/div>\n\t\t<\/div>\n\t\t\n\t\t\t\t\t\t\t\t\t\t<\/div>\n\t\t\t<\/div>\n\n\t\t\t\t\t<div class=\"bdt-gallery-item bdt-transition-toggle bdt-width-1-1 bdt-width-1-2@s bdt-width-1-3@m\">\n\t\t\t\t<div class=\"bdt-custom-gallery-inner\">\n\n\t\t\t\t\t\n\t\t\t\t\t\n\t\t\t\t\t\t\n\t\t<div class=\"bdt-gallery-thumbnail\">\n\n\t\t\t<img loading=\"lazy\" decoding=\"async\" width=\"768\" height=\"663\" src=\"https:\/\/akyildizkalip.com\/wp-content\/uploads\/2022\/09\/004-768x663.webp\" class=\"attachment-medium_large size-medium_large\" alt=\"\" srcset=\"https:\/\/akyildizkalip.com\/wp-content\/uploads\/2022\/09\/004-768x663.webp 768w, https:\/\/akyildizkalip.com\/wp-content\/uploads\/2022\/09\/004-300x259.webp 300w, https:\/\/akyildizkalip.com\/wp-content\/uploads\/2022\/09\/004-1024x884.webp 1024w, https:\/\/akyildizkalip.com\/wp-content\/uploads\/2022\/09\/004-1536x1326.webp 1536w, https:\/\/akyildizkalip.com\/wp-content\/uploads\/2022\/09\/004-14x12.webp 14w, https:\/\/akyildizkalip.com\/wp-content\/uploads\/2022\/09\/004-scaled.webp 1500w\" sizes=\"(max-width: 768px) 100vw, 768px\" \/>\n\t\t<\/div>\n\t\t\t\t<div class=\"bdt-overlay bdt-overlay-default bdt-position-cover bdt-transition-fade\">\n\t\t\t<div class=\"bdt-custom-gallery-content\">\n\t\t\t\t<div class=\"bdt-custom-gallery-content-inner\">\n\n\n\n\t\t\t\t\t\t\t\t\t\t\t<div class=\"bdt-flex-inline bdt-gallery-item-link-wrapper\">\n\t\t\t\t\t\t\t<a data-elementor-open-lightbox=\"no\" href=\"https:\/\/akyildizkalip.com\/wp-content\/uploads\/2022\/09\/004-scaled.webp\" class=\"bdt-gallery-item-link bdt-gallery-lightbox-item\" data-caption=\"\">\n\t\t\t\t\t\t\t\t\t\t\t\t\t\t\t\t\t<i class=\"ep-icon-link\" aria-hidden=\"true\"><\/i>\n\t\t\t\t\t\t\t\t\t\t\t\t\t\t\t<\/a>\n\t\t\t\t\t\t<\/div>\n\t\t\t\t\t\n\t\t\t\t\t\t\t<h3 class=\"bdt-gallery-item-title\t\t\tbdt-transition-slide-top-small\">\n\t\t\t\t\t<\/h3>\n\t\t\t\t<div class=\"bdt-gallery-item-text bdt-transition-slide-bottom-small\">\n\t\t\t\t<\/div>\n\t\t\n\t\t\t\t<\/div>\n\t\t\t<\/div>\n\t\t<\/div>\n\t\t\n\t\t\t\t\t\t\t\t\t\t<\/div>\n\t\t\t<\/div>\n\n\t\t\t\t\t<div class=\"bdt-gallery-item bdt-transition-toggle bdt-width-1-1 bdt-width-1-2@s bdt-width-1-3@m\">\n\t\t\t\t<div class=\"bdt-custom-gallery-inner\">\n\n\t\t\t\t\t\n\t\t\t\t\t\n\t\t\t\t\t\t\n\t\t<div class=\"bdt-gallery-thumbnail\">\n\n\t\t\t<img loading=\"lazy\" decoding=\"async\" width=\"768\" height=\"696\" src=\"https:\/\/akyildizkalip.com\/wp-content\/uploads\/2022\/09\/005-768x696.jpg\" class=\"attachment-medium_large size-medium_large\" alt=\"\" srcset=\"https:\/\/akyildizkalip.com\/wp-content\/uploads\/2022\/09\/005-768x696.jpg 768w, https:\/\/akyildizkalip.com\/wp-content\/uploads\/2022\/09\/005-300x272.jpg 300w, https:\/\/akyildizkalip.com\/wp-content\/uploads\/2022\/09\/005-1024x928.jpg 1024w, https:\/\/akyildizkalip.com\/wp-content\/uploads\/2022\/09\/005-13x12.jpg 13w, https:\/\/akyildizkalip.com\/wp-content\/uploads\/2022\/09\/005.jpg 1426w\" sizes=\"(max-width: 768px) 100vw, 768px\" \/>\n\t\t<\/div>\n\t\t\t\t<div class=\"bdt-overlay bdt-overlay-default bdt-position-cover bdt-transition-fade\">\n\t\t\t<div class=\"bdt-custom-gallery-content\">\n\t\t\t\t<div class=\"bdt-custom-gallery-content-inner\">\n\n\n\n\t\t\t\t\t\t\t\t\t\t\t<div class=\"bdt-flex-inline bdt-gallery-item-link-wrapper\">\n\t\t\t\t\t\t\t<a data-elementor-open-lightbox=\"no\" href=\"https:\/\/akyildizkalip.com\/wp-content\/uploads\/2022\/09\/005.jpg\" class=\"bdt-gallery-item-link bdt-gallery-lightbox-item\" data-caption=\"\">\n\t\t\t\t\t\t\t\t\t\t\t\t\t\t\t\t\t<i class=\"ep-icon-link\" aria-hidden=\"true\"><\/i>\n\t\t\t\t\t\t\t\t\t\t\t\t\t\t\t<\/a>\n\t\t\t\t\t\t<\/div>\n\t\t\t\t\t\n\t\t\t\t\t\t\t<h3 class=\"bdt-gallery-item-title\t\t\tbdt-transition-slide-top-small\">\n\t\t\t\t\t<\/h3>\n\t\t\t\t<div class=\"bdt-gallery-item-text bdt-transition-slide-bottom-small\">\n\t\t\t\t<\/div>\n\t\t\n\t\t\t\t<\/div>\n\t\t\t<\/div>\n\t\t<\/div>\n\t\t\n\t\t\t\t\t\t\t\t\t\t<\/div>\n\t\t\t<\/div>\n\n\t\t\t\t\t<div class=\"bdt-gallery-item bdt-transition-toggle bdt-width-1-1 bdt-width-1-2@s bdt-width-1-3@m\">\n\t\t\t\t<div class=\"bdt-custom-gallery-inner\">\n\n\t\t\t\t\t\n\t\t\t\t\t\n\t\t\t\t\t\t\n\t\t<div class=\"bdt-gallery-thumbnail\">\n\n\t\t\t<img loading=\"lazy\" decoding=\"async\" width=\"768\" height=\"512\" src=\"https:\/\/akyildizkalip.com\/wp-content\/uploads\/2022\/09\/006-768x512.webp\" class=\"attachment-medium_large size-medium_large\" alt=\"\" srcset=\"https:\/\/akyildizkalip.com\/wp-content\/uploads\/2022\/09\/006-768x512.webp 768w, https:\/\/akyildizkalip.com\/wp-content\/uploads\/2022\/09\/006-300x200.webp 300w, https:\/\/akyildizkalip.com\/wp-content\/uploads\/2022\/09\/006-1024x682.webp 1024w, https:\/\/akyildizkalip.com\/wp-content\/uploads\/2022\/09\/006-1536x1024.webp 1536w, https:\/\/akyildizkalip.com\/wp-content\/uploads\/2022\/09\/006-18x12.webp 18w, https:\/\/akyildizkalip.com\/wp-content\/uploads\/2022\/09\/006-scaled.webp 1500w\" sizes=\"(max-width: 768px) 100vw, 768px\" \/>\n\t\t<\/div>\n\t\t\t\t<div class=\"bdt-overlay bdt-overlay-default bdt-position-cover bdt-transition-fade\">\n\t\t\t<div class=\"bdt-custom-gallery-content\">\n\t\t\t\t<div class=\"bdt-custom-gallery-content-inner\">\n\n\n\n\t\t\t\t\t\t\t\t\t\t\t<div class=\"bdt-flex-inline bdt-gallery-item-link-wrapper\">\n\t\t\t\t\t\t\t<a data-elementor-open-lightbox=\"no\" href=\"https:\/\/akyildizkalip.com\/wp-content\/uploads\/2022\/09\/006-scaled.webp\" class=\"bdt-gallery-item-link bdt-gallery-lightbox-item\" data-caption=\"\">\n\t\t\t\t\t\t\t\t\t\t\t\t\t\t\t\t\t<i class=\"ep-icon-link\" aria-hidden=\"true\"><\/i>\n\t\t\t\t\t\t\t\t\t\t\t\t\t\t\t<\/a>\n\t\t\t\t\t\t<\/div>\n\t\t\t\t\t\n\t\t\t\t\t\t\t<h3 class=\"bdt-gallery-item-title\t\t\tbdt-transition-slide-top-small\">\n\t\t\t\t\t<\/h3>\n\t\t\t\t<div class=\"bdt-gallery-item-text bdt-transition-slide-bottom-small\">\n\t\t\t\t<\/div>\n\t\t\n\t\t\t\t<\/div>\n\t\t\t<\/div>\n\t\t<\/div>\n\t\t\n\t\t\t\t\t\t\t\t\t\t<\/div>\n\t\t\t<\/div>\n\n\t\t\n\t\t\t\t<\/div>\n\t\t\t\t\t\t<\/div>\n\t\t\t\t<\/div>\n\t\t\t\t<\/div>\n\t\t\t\t\t<\/div>\n\t\t\t\t<\/div>\n\t\t\t\t<\/div>","protected":false},"excerpt":{"rendered":"","protected":false},"author":4,"featured_media":0,"parent":47,"menu_order":0,"comment_status":"closed","ping_status":"closed","template":"","meta":{"site-sidebar-layout":"no-sidebar","site-content-layout":"page-builder","ast-site-content-layout":"default","site-content-style":"default","site-sidebar-style":"default","ast-global-header-display":"","ast-banner-title-visibility":"","ast-main-header-display":"","ast-hfb-above-header-display":"","ast-hfb-below-header-display":"","ast-hfb-mobile-header-display":"","site-post-title":"disabled","ast-breadcrumbs-content":"","ast-featured-img":"disabled","footer-sml-layout":"","ast-disable-related-posts":"","theme-transparent-header-meta":"","adv-header-id-meta":"","stick-header-meta":"","header-above-stick-meta":"","header-main-stick-meta":"","header-below-stick-meta":"","astra-migrate-meta-layouts":"default","ast-page-background-enabled":"default","ast-page-background-meta":{"desktop":{"background-color":"var(--ast-global-color-4)","background-image":"","background-repeat":"repeat","background-position":"center center","background-size":"auto","background-attachment":"scroll","background-type":"","background-media":"","overlay-type":"","overlay-color":"","overlay-opacity":"","overlay-gradient":""},"tablet":{"background-color":"","background-image":"","background-repeat":"repeat","background-position":"center center","background-size":"auto","background-attachment":"scroll","background-type":"","background-media":"","overlay-type":"","overlay-color":"","overlay-opacity":"","overlay-gradient":""},"mobile":{"background-color":"","background-image":"","background-repeat":"repeat","background-position":"center center","background-size":"auto","background-attachment":"scroll","background-type":"","background-media":"","overlay-type":"","overlay-color":"","overlay-opacity":"","overlay-gradient":""}},"ast-content-background-meta":{"desktop":{"background-color":"var(--ast-global-color-5)","background-image":"","background-repeat":"repeat","background-position":"center center","background-size":"auto","background-attachment":"scroll","background-type":"","background-media":"","overlay-type":"","overlay-color":"","overlay-opacity":"","overlay-gradient":""},"tablet":{"background-color":"var(--ast-global-color-5)","background-image":"","background-repeat":"repeat","background-position":"center center","background-size":"auto","background-attachment":"scroll","background-type":"","background-media":"","overlay-type":"","overlay-color":"","overlay-opacity":"","overlay-gradient":""},"mobile":{"background-color":"var(--ast-global-color-5)","background-image":"","background-repeat":"repeat","background-position":"center center","background-size":"auto","background-attachment":"scroll","background-type":"","background-media":"","overlay-type":"","overlay-color":"","overlay-opacity":"","overlay-gradient":""}},"footnotes":""},"class_list":["post-534","page","type-page","status-publish","hentry"],"_links":{"self":[{"href":"https:\/\/akyildizkalip.com\/tr\/wp-json\/wp\/v2\/pages\/534","targetHints":{"allow":["GET"]}}],"collection":[{"href":"https:\/\/akyildizkalip.com\/tr\/wp-json\/wp\/v2\/pages"}],"about":[{"href":"https:\/\/akyildizkalip.com\/tr\/wp-json\/wp\/v2\/types\/page"}],"author":[{"embeddable":true,"href":"https:\/\/akyildizkalip.com\/tr\/wp-json\/wp\/v2\/users\/4"}],"replies":[{"embeddable":true,"href":"https:\/\/akyildizkalip.com\/tr\/wp-json\/wp\/v2\/comments?post=534"}],"version-history":[{"count":67,"href":"https:\/\/akyildizkalip.com\/tr\/wp-json\/wp\/v2\/pages\/534\/revisions"}],"predecessor-version":[{"id":1987,"href":"https:\/\/akyildizkalip.com\/tr\/wp-json\/wp\/v2\/pages\/534\/revisions\/1987"}],"up":[{"embeddable":true,"href":"https:\/\/akyildizkalip.com\/tr\/wp-json\/wp\/v2\/pages\/47"}],"wp:attachment":[{"href":"https:\/\/akyildizkalip.com\/tr\/wp-json\/wp\/v2\/media?parent=534"}],"curies":[{"name":"wp","href":"https:\/\/api.w.org\/{rel}","templated":true}]}}